{"id":34,"date":"2016-11-05T18:08:15","date_gmt":"2016-11-05T18:08:15","guid":{"rendered":"http:\/\/www.jardinesdelacalera.com\/?page_id=34"},"modified":"2024-04-03T23:25:01","modified_gmt":"2024-04-03T23:25:01","slug":"la-isla","status":"publish","type":"page","link":"https:\/\/www.jardinesdelacalera.com\/de\/la-isla\/","title":{"rendered":"DIE INSEL"},"content":{"rendered":"<div class=\"wpb-content-wrapper\"><div class=\"vc_row wpb_row vc_row-fluid vc_custom_1712184333889 vc_row-has-fill\"><div class=\"wpb_animate_when_almost_visible wpb_top-to-bottom top-to-bottom wpb_column vc_column_container vc_col-sm-8 vc_col-has-fill\"><div class=\"vc_column-inner vc_custom_1712186408114\"><div class=\"wpb_wrapper\">\n\t<div class=\"wpb_text_column wpb_content_element wpb_animate_when_almost_visible wpb_top-to-bottom top-to-bottom vc_custom_1712184646211\" >\n\t\t<div class=\"wpb_wrapper\">\n\t\t\t<h1><span style=\"color: #333333;\"><strong>INTERESSANTE FAKTEN<\/strong><\/span><\/h1>\n\n\t\t<\/div>\n\t<\/div>\n\n\t<div class=\"wpb_text_column wpb_content_element wpb_animate_when_almost_visible wpb_top-to-bottom top-to-bottom vc_custom_1712184653854\" >\n\t\t<div class=\"wpb_wrapper\">\n\t\t\t<h5><span style=\"color: #333333;\">Die Kanarischen Inseln sind die einzige spanische Region in \u00e4u\u00dferster Randlage. Sie bietet ihren Besuchern ein Land der Kontraste und einen Ort der Begegnung von Kulturen. Sie verf\u00fcgt \u00fcber ein vielf\u00e4ltiges und dynamisches Freizeit-, Kultur-, Sport- und Konferenzangebot. Ihre offizielle W\u00e4hrung ist der Euro.<\/span><\/h5>\n<p>&nbsp;<\/p>\n<p><span style=\"color: #333333;\">Der Archipel liegt geographisch etwa 100 Kilometer vor der Westk\u00fcste Afrikas. Er setzt sich aus sieben Inseln zusammen: Lanzarote, Fuerteventura, Gran Canaria, Teneriffa, La Gomera, La Palma und El Hierro.<\/span><\/p>\n<p><span style=\"color: #333333;\">Die Inseln sind vulkanischen Ursprungs. Sie sind Teil der Naturregion Makaronesien, zusammen mit den Archipelen der Kapverden, Azoren, Madeira und Salvajes.<\/span><\/p>\n<p><span style=\"color: #333333;\"><strong>Gesamtfl\u00e4che:<\/strong> 7.492,36 Quadratkilometer.<\/span><\/p>\n<p><span style=\"color: #333333;\"><strong>Die Bev\u00f6lkerung:<\/strong> 2.025.951 Einwohner.<\/span><\/p>\n<p><span style=\"color: #333333;\">La Gomera ist eine der sieben Inseln, aus denen die Kanarischen Inseln bestehen.<\/span><br \/>\n<span style=\"color: #333333;\">Christoph Kolumbus machte vor seiner Expedition nach Indien 1492 einen Zwischenstopp auf La Gomera.<\/span><\/p>\n\n\t\t<\/div>\n\t<\/div>\n<\/div><\/div><\/div><div class=\"wpb_animate_when_almost_visible wpb_top-to-bottom top-to-bottom wpb_column vc_column_container vc_col-sm-4\"><div class=\"vc_column-inner\"><div class=\"wpb_wrapper\">\n\t<div  class=\"wpb_single_image wpb_content_element vc_align_left wpb_content_element wpb_animate_when_almost_visible wpb_top-to-bottom top-to-bottom\">\n\t\t\n\t\t<figure class=\"wpb_wrapper vc_figure\">\n\t\t\t<div class=\"vc_single_image-wrapper   vc_box_border_grey\"><img loading=\"lazy\" decoding=\"async\" width=\"600\" height=\"445\" src=\"https:\/\/www.jardinesdelacalera.com\/wp-content\/uploads\/2024\/04\/Logo_sombra-1024x759.png\" class=\"vc_single_image-img attachment-large\" alt=\"\" title=\"\" \/><\/div>\n\t\t<\/figure>\n\t<\/div>\n<\/div><\/div><\/div><\/div>\n<\/div>","protected":false},"excerpt":{"rendered":"INTERESSANTE FAKTEN Die Kanarischen Inseln sind die einzige spanische Region in \u00e4u\u00dferster Randlage. Sie bieten ihren Besuchern ein Land der Kontraste und einen Ort der Begegnung von Kulturen. Sie verf\u00fcgt \u00fcber ein vielf\u00e4ltiges und dynamisches Freizeit-, Kultur-, Sport- und Kongressangebot. Ihre offizielle W\u00e4hrung ist der Euro.","protected":false},"author":2,"featured_media":0,"parent":0,"menu_order":0,"comment_status":"closed","ping_status":"closed","template":"page-FullWidth.php","meta":{"footnotes":""},"class_list":["post-34","page","type-page","status-publish","hentry"],"_links":{"self":[{"href":"https:\/\/www.jardinesdelacalera.com\/de\/wp-json\/wp\/v2\/pages\/34","targetHints":{"allow":["GET"]}}],"collection":[{"href":"https:\/\/www.jardinesdelacalera.com\/de\/wp-json\/wp\/v2\/pages"}],"about":[{"href":"https:\/\/www.jardinesdelacalera.com\/de\/wp-json\/wp\/v2\/types\/page"}],"author":[{"embeddable":true,"href":"https:\/\/www.jardinesdelacalera.com\/de\/wp-json\/wp\/v2\/users\/2"}],"replies":[{"embeddable":true,"href":"https:\/\/www.jardinesdelacalera.com\/de\/wp-json\/wp\/v2\/comments?post=34"}],"version-history":[{"count":0,"href":"https:\/\/www.jardinesdelacalera.com\/de\/wp-json\/wp\/v2\/pages\/34\/revisions"}],"wp:attachment":[{"href":"https:\/\/www.jardinesdelacalera.com\/de\/wp-json\/wp\/v2\/media?parent=34"}],"curies":[{"name":"wp","href":"https:\/\/api.w.org\/{rel}","templated":true}]}}