{"id":20,"date":"2016-10-28T18:42:29","date_gmt":"2016-10-28T18:42:29","guid":{"rendered":"http:\/\/www.jardinesdelacalera.com\/?page_id=20"},"modified":"2024-04-03T19:44:28","modified_gmt":"2024-04-03T19:44:28","slug":"privacidad","status":"publish","type":"page","link":"https:\/\/www.jardinesdelacalera.com\/de\/privacidad\/","title":{"rendered":"Datenschutzbestimmungen"},"content":{"rendered":"<div class=\"wpb-content-wrapper\"><div class=\"vc_row wpb_row vc_row-fluid\"><div class=\"wpb_column vc_column_container vc_col-sm-12\"><div class=\"vc_column-inner\"><div class=\"wpb_wrapper\">\n\t<div class=\"wpb_text_column wpb_content_element wpb_animate_when_almost_visible wpb_top-to-bottom top-to-bottom vc_custom_1712173464560\" >\n\t\t<div class=\"wpb_wrapper\">\n\t\t\t<div id=\"primary\" class=\"content-area row no-sidebar\">\n<div id=\"main\" class=\"site-main col-sm-12 col-md-12\">\n<div class=\"entry-content\">\n<p><span style=\"color: #ffffff;\">In \u00dcbereinstimmung mit dem Organgesetz 15\/99 vom 13. Dezember 1999 \u00fcber den Schutz personenbezogener Daten, <strong>Ferienhaus Jardines de la Calera <\/strong>(im Folgenden das Unternehmen) h\u00e4lt sich strikt an alle notwendigen Ma\u00dfnahmen, um die Sicherheit, die Integrit\u00e4t und den Schutz der Daten zu gew\u00e4hrleisten, die \u00fcber die auf der Website eingef\u00fcgten Datenerfassungsformulare \u00fcbermittelt werden. <strong>www.jardinesdela calera.com<\/strong> (im Folgenden als Website bezeichnet).<\/span><\/p>\n<p><span style=\"color: #ffffff;\">Die personenbezogenen Daten, die der Interessent (im Folgenden: Nutzer) freiwillig in die Formulare der Website eingibt, werden von der Gesellschaft ausschlie\u00dflich zur Erf\u00fcllung ihrer administrativen, technischen und kommerziellen Verwaltungsaufgaben verwendet. Unter keinen Umst\u00e4nden werden die pers\u00f6nlichen Daten der Nutzer ohne die ausdr\u00fcckliche Zustimmung der betroffenen Person an Dritte au\u00dferhalb des Unternehmens weitergegeben. Das Unternehmen verpflichtet sich, die erhobenen personenbezogenen Daten zu l\u00f6schen, wenn sie f\u00fcr den Zweck, f\u00fcr den sie erhoben wurden, nicht mehr erforderlich oder relevant sind.<\/span><\/p>\n<p><span style=\"color: #ffffff;\">Das Unternehmen stimmt der Weitergabe von Daten nur dann zu, wenn dies erforderlich ist, um seinen Kunden die vertraglich vereinbarten Dienstleistungen zu erbringen. Dabei werden die Daten nur an solche Einrichtungen und Organisationen weitergegeben, die eng und notwendigerweise mit der Erbringung der verschiedenen auf der Website angebotenen Dienstleistungen verbunden sind, sowie an Angestellte oder Mitarbeiter des Unternehmens und an Unternehmen oder professionelle Firmen, die in wirtschaftlichen, administrativen, rechtlichen, steuerlichen oder finanziellen Angelegenheiten mitarbeiten oder helfen.<\/span><\/p>\n<p><span style=\"color: #ffffff;\">Der Zugriff auf Benutzer- oder Kundendaten durch autorisiertes Unternehmenspersonal ist kontrolliert und hierarchisch aufgebaut, in \u00dcbereinstimmung mit der internen Richtlinie \u00fcber den Zugriff auf und die Verarbeitung von Benutzer- oder Kundendaten.<\/span><\/p>\n<p><span style=\"color: #ffffff;\">Benutzer, die ihre pers\u00f6nlichen Daten in die verschiedenen Registrierungsformulare auf der Website eingeben, haben jederzeit die M\u00f6glichkeit, ihre Rechte auf Zugang, Berichtigung, L\u00f6schung und Widerspruch auszu\u00fcben, indem sie dies bei der Gesellschaft gem\u00e4\u00df den Bestimmungen der oben genannten LOPD beantragen.<\/span><\/p>\n<p><span style=\"color: #ffffff;\">Die \u00dcbertragung der Daten erfolgt in verschl\u00fcsselter Form \u00fcber eine gesicherte Verbindung. Das Unternehmen gew\u00e4hrleistet die absolute Vertraulichkeit und den Schutz der gesammelten personenbezogenen Daten und hat daher wesentliche Sicherheitsma\u00dfnahmen ergriffen, um \u00c4nderungen, Verlust, unbefugte Verarbeitung oder Zugriff zu verhindern und somit die Integrit\u00e4t und Sicherheit der Daten zu gew\u00e4hrleisten. Das Unternehmen garantiert jedoch nicht, dass unbefugte Dritte, die irgendeine Art von Angriff auf das System durchf\u00fchren, Kenntnis von den Merkmalen der Nutzung der Website durch die Benutzer haben k\u00f6nnen. Das Unternehmen haftet daher in keinem Fall f\u00fcr Vorf\u00e4lle, die sich in Bezug auf personenbezogene Daten ereignen k\u00f6nnen, wenn diese entweder auf einen Angriff oder einen unbefugten Zugriff auf die Systeme der Website zur\u00fcckzuf\u00fchren sind, und zwar in einer Weise, die mit den derzeitigen Sicherheitsma\u00dfnahmen nicht erkannt werden kann, oder wenn sie auf mangelnde Sorgfalt des Benutzers bei der Bewachung und Aufbewahrung seiner Zugangscodes oder seiner eigenen personenbezogenen Daten zur\u00fcckzuf\u00fchren sind.<\/span><\/p>\n<p><span style=\"color: #ffffff;\">Die vom Nutzer bereitgestellten Informationen m\u00fcssen wahrheitsgem\u00e4\u00df sein. Zu diesem Zweck garantiert der Nutzer die Echtheit aller Daten, die er beim Ausf\u00fcllen der Formulare angibt, um die gew\u00fcnschten Informationen zu erhalten. Ebenso obliegt es dem Nutzer, diese Informationen st\u00e4ndig zu aktualisieren, damit sie jederzeit der tats\u00e4chlichen Situation des Nutzers entsprechen. Der Nutzer tr\u00e4gt die alleinige Verantwortung f\u00fcr falsche oder ungenaue Angaben und f\u00fcr alle Sch\u00e4den, die dem Unternehmen oder Dritten durch die bereitgestellten Informationen entstehen.<\/span><\/p>\n<p><span style=\"color: #ffffff;\">Das Unternehmen verbietet ausdr\u00fccklich die Vervielf\u00e4ltigung, den Vertrieb, die \u00f6ffentliche Bekanntgabe, die vollst\u00e4ndige oder teilweise Umwandlung oder jede andere Aktivit\u00e4t, die mit den Inhalten und\/oder der Software der Website durchgef\u00fchrt werden kann, auch nicht unter Angabe der Quellen, au\u00dfer mit schriftlicher Zustimmung des Unternehmens.<\/span><\/p>\n<p><span style=\"color: #ffffff;\">Die Beilegung von Konflikten, Streitigkeiten oder Anspr\u00fcchen, die sich aus der Nutzung der Website, ihres Inhalts oder einer der darin angebotenen Aktivit\u00e4ten und\/oder Dienstleistungen ergeben, unterliegt der geltenden spanischen Gesetzgebung. F\u00fcr R\u00fcckfragen bez\u00fcglich der angenommenen Datenschutzpolitik oder bei der Aus\u00fcbung der Rechte, die dem Betroffenen durch die LOPD gew\u00e4hrt werden, stellt das Unternehmen folgende E-Mail-Adresse zur Verf\u00fcgung: info@jardinesdela calera.com<\/span><\/p>\n<p><span style=\"color: #ffffff;\">Um die Bestimmungen des Gesetzes 34\/2006 vom 11. Januar 2006 \u00fcber die Dienste der Informationsgesellschaft und den elektronischen Gesch\u00e4ftsverkehr zu erf\u00fcllen, werden im Folgenden die allgemeinen Angaben zu dieser Website aufgef\u00fchrt:<\/span><\/p>\n<p><span style=\"color: #ffffff;\"><strong>Ferienhaus Jardines de la Calera<\/strong> | Telefon: 699 19 95 59 | info@jardinesdelacalera.com | La Calera | Valle Gran Rey | La Gomera<\/span><\/p>\n<\/div>\n<\/div>\n<\/div>\n\n\t\t<\/div>\n\t<\/div>\n<\/div><\/div><\/div><\/div>\n<\/div>","protected":false},"excerpt":{"rendered":"In \u00dcbereinstimmung mit dem Organgesetz 15\/99 vom 13. Dezember 1999 \u00fcber den Schutz personenbezogener Daten ergreift Vivienda Vacacional Jardines de la Calera (im Folgenden \"das Unternehmen\") alle erforderlichen Ma\u00dfnahmen, um die Sicherheit, Integrit\u00e4t und Vertraulichkeit der Daten zu gew\u00e4hrleisten, die an","protected":false},"author":2,"featured_media":0,"parent":0,"menu_order":0,"comment_status":"closed","ping_status":"closed","template":"page-FullWidth.php","meta":{"footnotes":""},"class_list":["post-20","page","type-page","status-publish","hentry"],"_links":{"self":[{"href":"https:\/\/www.jardinesdelacalera.com\/de\/wp-json\/wp\/v2\/pages\/20","targetHints":{"allow":["GET"]}}],"collection":[{"href":"https:\/\/www.jardinesdelacalera.com\/de\/wp-json\/wp\/v2\/pages"}],"about":[{"href":"https:\/\/www.jardinesdelacalera.com\/de\/wp-json\/wp\/v2\/types\/page"}],"author":[{"embeddable":true,"href":"https:\/\/www.jardinesdelacalera.com\/de\/wp-json\/wp\/v2\/users\/2"}],"replies":[{"embeddable":true,"href":"https:\/\/www.jardinesdelacalera.com\/de\/wp-json\/wp\/v2\/comments?post=20"}],"version-history":[{"count":0,"href":"https:\/\/www.jardinesdelacalera.com\/de\/wp-json\/wp\/v2\/pages\/20\/revisions"}],"wp:attachment":[{"href":"https:\/\/www.jardinesdelacalera.com\/de\/wp-json\/wp\/v2\/media?parent=20"}],"curies":[{"name":"wp","href":"https:\/\/api.w.org\/{rel}","templated":true}]}}